{"id":13,"date":"2021-08-09T21:54:12","date_gmt":"2021-08-10T00:54:12","guid":{"rendered":"https:\/\/consultaplaca.com.br\/blog\/?page_id=13"},"modified":"2021-08-09T21:54:28","modified_gmt":"2021-08-10T00:54:28","slug":"politica-de-privacidade","status":"publish","type":"page","link":"https:\/\/www.consultaplaca.com.br\/blog\/politica-de-privacidade\/","title":{"rendered":"Pol\u00edtica de privacidade"},"content":{"rendered":"<p>Este site pode utilizar cookies e\/ou web beacons quando um usu\u00e1rio tem acesso \u00e0s p\u00e1ginas. Os cookies que podem ser utilizados associam-se (se for o caso) unicamente com o navegador de um determinado computador.<\/p>\n<p>Os cookies que s\u00e3o utilizados neste site podem ser instalados pelo mesmo, os quais s\u00e3o originados dos distintos servidores operados por este, ou a partir dos servidores de terceiros que restam servi\u00e7os e instalam cookies e\/ou web beacons (por exemplo, os cookies que s\u00e3o empregados para prover servi\u00e7os de publicidade ou certos conte\u00fados atrav\u00e9s dos quais o usu\u00e1rio visualiza a publicidade ou conte\u00fados em tempo pr\u00e9 determinados). O usu\u00e1rio poder\u00e1 pesquisar o disco r\u00edgido de seu computador conforme instru\u00e7\u00f5es do pr\u00f3prio navegador.<\/p>\n<p>Usu\u00e1rio tem a possibilidade de configurar seu navegador para ser avisado, na tela do computador, sobre a recep\u00e7\u00e3o dos cookies e para impedir a sua instala\u00e7\u00e3o no disco r\u00edgido. As nforma\u00e7\u00f5es pertinentes a esta configura\u00e7\u00e3o est\u00e3o dispon\u00edveis em instru\u00e7\u00f5es e manuais do pr\u00f3prio navegador\u201d.<\/p>\n","protected":false},"excerpt":{"rendered":"<p>Este site pode utilizar cookies e\/ou web beacons quando um usu\u00e1rio tem acesso \u00e0s p\u00e1ginas. Os cookies que podem ser utilizados associam-se (se for o caso) unicamente com o navegador de um determinado computador. Os cookies que s\u00e3o utilizados neste site podem ser instalados pelo mesmo, os quais s\u00e3o originados dos distintos servidores operados por &hellip;<\/p>\n","protected":false},"author":1,"featured_media":0,"parent":0,"menu_order":0,"comment_status":"closed","ping_status":"closed","template":"","meta":{"footnotes":""},"class_list":["post-13","page","type-page","status-publish","hentry"],"yoast_head":"<!-- This site is optimized with the Yoast SEO plugin v25.9 - https:\/\/yoast.com\/wordpress\/plugins\/seo\/ -->\n<title>Pol\u00edtica de privacidade - Consulta Placa Gr\u00e1tis<\/title>\n<meta name=\"robots\" content=\"index, follow, max-snippet:-1, max-image-preview:large, max-video-preview:-1\" \/>\n<link rel=\"canonical\" href=\"https:\/\/www.consultaplaca.com.br\/blog\/politica-de-privacidade\/\" \/>\n<meta property=\"og:locale\" content=\"pt_BR\" \/>\n<meta property=\"og:type\" content=\"article\" \/>\n<meta property=\"og:title\" content=\"Pol\u00edtica de privacidade - Consulta Placa Gr\u00e1tis\" \/>\n<meta property=\"og:description\" content=\"Este site pode utilizar cookies e\/ou web beacons quando um usu\u00e1rio tem acesso \u00e0s p\u00e1ginas. Os cookies que podem ser utilizados associam-se (se for o caso) unicamente com o navegador de um determinado computador. Os cookies que s\u00e3o utilizados neste site podem ser instalados pelo mesmo, os quais s\u00e3o originados dos distintos servidores operados por &hellip;\" \/>\n<meta property=\"og:url\" content=\"https:\/\/www.consultaplaca.com.br\/blog\/politica-de-privacidade\/\" \/>\n<meta property=\"og:site_name\" content=\"Consulta Placa Gr\u00e1tis\" \/>\n<meta property=\"article:modified_time\" content=\"2021-08-10T00:54:28+00:00\" \/>\n<meta name=\"twitter:card\" content=\"summary_large_image\" \/>\n<meta name=\"twitter:label1\" content=\"Est. tempo de leitura\" \/>\n\t<meta name=\"twitter:data1\" content=\"1 minuto\" \/>\n<script type=\"application\/ld+json\" class=\"yoast-schema-graph\">{\"@context\":\"https:\/\/schema.org\",\"@graph\":[{\"@type\":\"WebPage\",\"@id\":\"https:\/\/www.consultaplaca.com.br\/blog\/politica-de-privacidade\/\",\"url\":\"https:\/\/www.consultaplaca.com.br\/blog\/politica-de-privacidade\/\",\"name\":\"Pol\u00edtica de privacidade - Consulta Placa Gr\u00e1tis\",\"isPartOf\":{\"@id\":\"https:\/\/www.consultaplaca.com.br\/blog\/#website\"},\"datePublished\":\"2021-08-10T00:54:12+00:00\",\"dateModified\":\"2021-08-10T00:54:28+00:00\",\"breadcrumb\":{\"@id\":\"https:\/\/www.consultaplaca.com.br\/blog\/politica-de-privacidade\/#breadcrumb\"},\"inLanguage\":\"pt-BR\",\"potentialAction\":[{\"@type\":\"ReadAction\",\"target\":[\"https:\/\/www.consultaplaca.com.br\/blog\/politica-de-privacidade\/\"]}]},{\"@type\":\"BreadcrumbList\",\"@id\":\"https:\/\/www.consultaplaca.com.br\/blog\/politica-de-privacidade\/#breadcrumb\",\"itemListElement\":[{\"@type\":\"ListItem\",\"position\":1,\"name\":\"In\u00edcio\",\"item\":\"https:\/\/www.consultaplaca.com.br\/blog\/\"},{\"@type\":\"ListItem\",\"position\":2,\"name\":\"Pol\u00edtica de privacidade\"}]},{\"@type\":\"WebSite\",\"@id\":\"https:\/\/www.consultaplaca.com.br\/blog\/#website\",\"url\":\"https:\/\/www.consultaplaca.com.br\/blog\/\",\"name\":\"Consulta Placa Gr\u00e1tis\",\"description\":\"\",\"potentialAction\":[{\"@type\":\"SearchAction\",\"target\":{\"@type\":\"EntryPoint\",\"urlTemplate\":\"https:\/\/www.consultaplaca.com.br\/blog\/?s={search_term_string}\"},\"query-input\":{\"@type\":\"PropertyValueSpecification\",\"valueRequired\":true,\"valueName\":\"search_term_string\"}}],\"inLanguage\":\"pt-BR\"}]}<\/script>\n<!-- \/ Yoast SEO plugin. -->","yoast_head_json":{"title":"Pol\u00edtica de privacidade - Consulta Placa Gr\u00e1tis","robots":{"index":"index","follow":"follow","max-snippet":"max-snippet:-1","max-image-preview":"max-image-preview:large","max-video-preview":"max-video-preview:-1"},"canonical":"https:\/\/www.consultaplaca.com.br\/blog\/politica-de-privacidade\/","og_locale":"pt_BR","og_type":"article","og_title":"Pol\u00edtica de privacidade - Consulta Placa Gr\u00e1tis","og_description":"Este site pode utilizar cookies e\/ou web beacons quando um usu\u00e1rio tem acesso \u00e0s p\u00e1ginas. Os cookies que podem ser utilizados associam-se (se for o caso) unicamente com o navegador de um determinado computador. Os cookies que s\u00e3o utilizados neste site podem ser instalados pelo mesmo, os quais s\u00e3o originados dos distintos servidores operados por &hellip;","og_url":"https:\/\/www.consultaplaca.com.br\/blog\/politica-de-privacidade\/","og_site_name":"Consulta Placa Gr\u00e1tis","article_modified_time":"2021-08-10T00:54:28+00:00","twitter_card":"summary_large_image","twitter_misc":{"Est. tempo de leitura":"1 minuto"},"schema":{"@context":"https:\/\/schema.org","@graph":[{"@type":"WebPage","@id":"https:\/\/www.consultaplaca.com.br\/blog\/politica-de-privacidade\/","url":"https:\/\/www.consultaplaca.com.br\/blog\/politica-de-privacidade\/","name":"Pol\u00edtica de privacidade - Consulta Placa Gr\u00e1tis","isPartOf":{"@id":"https:\/\/www.consultaplaca.com.br\/blog\/#website"},"datePublished":"2021-08-10T00:54:12+00:00","dateModified":"2021-08-10T00:54:28+00:00","breadcrumb":{"@id":"https:\/\/www.consultaplaca.com.br\/blog\/politica-de-privacidade\/#breadcrumb"},"inLanguage":"pt-BR","potentialAction":[{"@type":"ReadAction","target":["https:\/\/www.consultaplaca.com.br\/blog\/politica-de-privacidade\/"]}]},{"@type":"BreadcrumbList","@id":"https:\/\/www.consultaplaca.com.br\/blog\/politica-de-privacidade\/#breadcrumb","itemListElement":[{"@type":"ListItem","position":1,"name":"In\u00edcio","item":"https:\/\/www.consultaplaca.com.br\/blog\/"},{"@type":"ListItem","position":2,"name":"Pol\u00edtica de privacidade"}]},{"@type":"WebSite","@id":"https:\/\/www.consultaplaca.com.br\/blog\/#website","url":"https:\/\/www.consultaplaca.com.br\/blog\/","name":"Consulta Placa Gr\u00e1tis","description":"","potentialAction":[{"@type":"SearchAction","target":{"@type":"EntryPoint","urlTemplate":"https:\/\/www.consultaplaca.com.br\/blog\/?s={search_term_string}"},"query-input":{"@type":"PropertyValueSpecification","valueRequired":true,"valueName":"search_term_string"}}],"inLanguage":"pt-BR"}]}},"_links":{"self":[{"href":"https:\/\/www.consultaplaca.com.br\/blog\/wp-json\/wp\/v2\/pages\/13","targetHints":{"allow":["GET"]}}],"collection":[{"href":"https:\/\/www.consultaplaca.com.br\/blog\/wp-json\/wp\/v2\/pages"}],"about":[{"href":"https:\/\/www.consultaplaca.com.br\/blog\/wp-json\/wp\/v2\/types\/page"}],"author":[{"embeddable":true,"href":"https:\/\/www.consultaplaca.com.br\/blog\/wp-json\/wp\/v2\/users\/1"}],"replies":[{"embeddable":true,"href":"https:\/\/www.consultaplaca.com.br\/blog\/wp-json\/wp\/v2\/comments?post=13"}],"version-history":[{"count":1,"href":"https:\/\/www.consultaplaca.com.br\/blog\/wp-json\/wp\/v2\/pages\/13\/revisions"}],"predecessor-version":[{"id":14,"href":"https:\/\/www.consultaplaca.com.br\/blog\/wp-json\/wp\/v2\/pages\/13\/revisions\/14"}],"wp:attachment":[{"href":"https:\/\/www.consultaplaca.com.br\/blog\/wp-json\/wp\/v2\/media?parent=13"}],"curies":[{"name":"wp","href":"https:\/\/api.w.org\/{rel}","templated":true}]}}